{"id":8,"date":"2009-11-19T00:23:38","date_gmt":"2009-11-19T05:23:38","guid":{"rendered":"http:\/\/www.ggggcorp.com\/?page_id=8"},"modified":"2018-08-24T08:52:56","modified_gmt":"2018-08-24T13:52:56","slug":"contact-us","status":"publish","type":"page","link":"https:\/\/www.ggggcorp.com\/es\/contact-us\/","title":{"rendered":"Contacto"},"content":{"rendered":"<p><div class=\"padding-top-small row\"><div class=\"text-center col-md-12\">\r\n                <h3 >\r\n                     \u00bfC\u00d3MO CONTACTAR A GGGG CORP.?\r\n                <\/h3>\r\n            <\/div>\n<div class=\"col-md-6 animated\" data-fx=\"fadeIn\" data-time=\"500\">\n<div role=\"form\" class=\"wpcf7\" id=\"wpcf7-f123-o2\" dir=\"ltr\">\n<div class=\"screen-reader-response\"><p role=\"status\" aria-live=\"polite\" aria-atomic=\"true\"><\/p> <ul><\/ul><\/div>\n<form action=\"\/es\/wp-json\/wp\/v2\/pages\/8#wpcf7-f123-o2\" method=\"post\" class=\"wpcf7-form init\" novalidate=\"novalidate\" data-status=\"init\">\n<div style=\"display: none;\">\n<input type=\"hidden\" name=\"_wpcf7\" value=\"123\" \/>\n<input type=\"hidden\" name=\"_wpcf7_version\" value=\"5.5.2\" \/>\n<input type=\"hidden\" name=\"_wpcf7_locale\" value=\"\" \/>\n<input type=\"hidden\" name=\"_wpcf7_unit_tag\" value=\"wpcf7-f123-o2\" \/>\n<input type=\"hidden\" name=\"_wpcf7_container_post\" value=\"0\" \/>\n<input type=\"hidden\" name=\"_wpcf7_posted_data_hash\" value=\"\" \/>\n<\/div>\n<p>Su Nombre (requerido)<br \/>\n    <span class=\"wpcf7-form-control-wrap your-name\"><input type=\"text\" name=\"your-name\" value=\"\" size=\"40\" class=\"wpcf7-form-control wpcf7-text wpcf7-validates-as-required\" aria-required=\"true\" aria-invalid=\"false\" \/><\/span> <\/p>\n<p>Su Email (requerido)<br \/>\n    <span class=\"wpcf7-form-control-wrap your-email\"><input type=\"email\" name=\"your-email\" value=\"\" size=\"40\" class=\"wpcf7-form-control wpcf7-text wpcf7-email wpcf7-validates-as-required wpcf7-validates-as-email\" aria-required=\"true\" aria-invalid=\"false\" \/><\/span> <\/p>\n<p>Tema<br \/>\n    <span class=\"wpcf7-form-control-wrap your-subject\"><input type=\"text\" name=\"your-subject\" value=\"\" size=\"40\" class=\"wpcf7-form-control wpcf7-text\" aria-invalid=\"false\" \/><\/span> <\/p>\n<p>su mensaje<br \/>\n    <span class=\"wpcf7-form-control-wrap your-message\"><textarea name=\"your-message\" cols=\"40\" rows=\"10\" class=\"wpcf7-form-control wpcf7-textarea\" aria-invalid=\"false\"><\/textarea><\/span> <\/p>\n<p><input type=\"submit\" value=\"Send\" class=\"wpcf7-form-control has-spinner wpcf7-submit\" \/><\/p>\n<p style=\"display: none !important;\"><label>&#916;<textarea name=\"_wpcf7_ak_hp_textarea\" cols=\"45\" rows=\"8\" maxlength=\"100\"><\/textarea><\/label><input type=\"hidden\" id=\"ak_js\" name=\"_wpcf7_ak_js\" value=\"117\"\/><script>document.getElementById( \"ak_js\" ).setAttribute( \"value\", ( new Date() ).getTime() );<\/script><\/p><div class=\"wpcf7-response-output\" aria-hidden=\"true\"><\/div><\/form><\/div><br \/>\n<\/div>\n<div class=\"col-md-6 animated\" data-fx=\"fadeIn\" data-time=\"500\">\nQuien desee establecer un approach con GGGG Corp puede dirigirse directamente a sus due\u00f1os, escribiendo un correo a:<\/p>\n<p style=\"width:100%; float: left;\">\n<img loading=\"lazy\" class=\"alignleft size-full wp-image-101\" style=\"margin-right: 10px;\" title=\"mauricio\" src=\"https:\/\/www.ggggcorp.com\/wp-content\/uploads\/2009\/11\/mauricio.JPG\" alt=\"mauricio\" width=\"74\" height=\"108\" \/><\/p>\n<p>Mr. Mauricio Puche:<br \/>\n<a href=\"mailto:mauricio.puche@ggggcorp.com\">mauricio.puche@ggggcorp.com<\/a>\n<\/p>\n<p style=\"width:100%; float: left;\">\n<img loading=\"lazy\" class=\"alignleft size-full wp-image-102\" style=\"margin-right: 10px;\" title=\"orlando\" src=\"https:\/\/www.ggggcorp.com\/wp-content\/uploads\/2009\/11\/orlando.JPG\" alt=\"orlando\" width=\"73\" height=\"107\" \/><\/p>\n<p>Mr. Orlando Puche:<br \/>\n<a href=\"mailto:orlando.puche@ggggcorp.com\">orlando.puche@ggggcorp.com<\/a>\n<\/p>\n<p style=\"width:100%; float: left;\">\nAmbos socios tendr\u00e1n el honor de atenderlo personalmente y aclarar sus dudas. Y si usted lo ve procedente, organizar\u00e1n una invitaci\u00f3n formal al NOC de GGGG Corp en Miami FL, o a las instalaciones de ERT-ESP en Colombia.\n<\/p>\n<\/div>\n<\/div><\/p>","protected":false},"excerpt":{"rendered":"","protected":false},"author":1,"featured_media":0,"parent":0,"menu_order":4,"comment_status":"closed","ping_status":"closed","template":"","meta":[],"_links":{"self":[{"href":"https:\/\/www.ggggcorp.com\/es\/wp-json\/wp\/v2\/pages\/8"}],"collection":[{"href":"https:\/\/www.ggggcorp.com\/es\/wp-json\/wp\/v2\/pages"}],"about":[{"href":"https:\/\/www.ggggcorp.com\/es\/wp-json\/wp\/v2\/types\/page"}],"author":[{"embeddable":true,"href":"https:\/\/www.ggggcorp.com\/es\/wp-json\/wp\/v2\/users\/1"}],"replies":[{"embeddable":true,"href":"https:\/\/www.ggggcorp.com\/es\/wp-json\/wp\/v2\/comments?post=8"}],"version-history":[{"count":39,"href":"https:\/\/www.ggggcorp.com\/es\/wp-json\/wp\/v2\/pages\/8\/revisions"}],"predecessor-version":[{"id":1007,"href":"https:\/\/www.ggggcorp.com\/es\/wp-json\/wp\/v2\/pages\/8\/revisions\/1007"}],"wp:attachment":[{"href":"https:\/\/www.ggggcorp.com\/es\/wp-json\/wp\/v2\/media?parent=8"}],"curies":[{"name":"wp","href":"https:\/\/api.w.org\/{rel}","templated":true}]}}