{"id":6,"date":"2009-11-19T00:23:08","date_gmt":"2009-11-19T05:23:08","guid":{"rendered":"http:\/\/www.ggggcorp.com\/?page_id=6"},"modified":"2018-08-24T09:11:58","modified_gmt":"2018-08-24T14:11:58","slug":"our-technology","status":"publish","type":"page","link":"https:\/\/www.ggggcorp.com\/es\/our-technology\/","title":{"rendered":"Tecnolog\u00eda"},"content":{"rendered":"<p><div class=\"padding-top-small row\"><div class=\"text-center col-md-12\">\r\n                <h3 >\r\n                     \u00bfQUE TECNOLOG\u00cdA EMPLEA GGGG CORP?\r\n                <\/h3>\r\n            <\/div>\n<h6>En todas sus decisiones tecnol\u00f3gicas, GGGG Corp busca utilizar las marcas m\u00e1s s\u00f3lidas de la industria, que adem\u00e1s permitan un est\u00e1ndar abierto a la interconexi\u00f3n.<\/h6>\n<ul class=\"checklist\">\n<li class=\"checked\"><span>Todos los gateways utilizados son CISCO en protocolo SIP.<\/span><\/li>\n<li class=\"checked\"><span>La plataforma de Billing y gesti\u00f3n NGN es MERA Los servidores para enrutamiento de los DID, gesti\u00f3n web y plataformas VoIP son DELL , HP e IBM.<\/span><\/li>\n<li class=\"checked\"><span>El Switch que interconecta TPBC anal\u00f3gica en USA es NACT Los clusters de softswitch se configuran en ASTERIX Otros aplicativos de software que se emplean son Open Source,\u00a0 modalidad de licenciamiento GNU.<\/span><\/li>\n<li class=\"checked\"><span>El NOC de GGGG Corp. en USA est\u00e1 ubicado en el antiguo Bunker de Bell South, MDV (Miami Data Vault).<\/span><\/li>\n<li class=\"checked\"><span>El NOC en Colombia est\u00e1 ubicado en el Data Center de ERT-ESP.<\/span><\/li>\n<\/ul>\n<\/div><\/p>","protected":false},"excerpt":{"rendered":"<p>Lo sentimos, esta publicaci\u00f3n s\u00f3lo est\u00e1 disponible en ingl\u00e9s estadounidense.<\/p>\n","protected":false},"author":1,"featured_media":0,"parent":0,"menu_order":3,"comment_status":"closed","ping_status":"closed","template":"","meta":[],"_links":{"self":[{"href":"https:\/\/www.ggggcorp.com\/es\/wp-json\/wp\/v2\/pages\/6"}],"collection":[{"href":"https:\/\/www.ggggcorp.com\/es\/wp-json\/wp\/v2\/pages"}],"about":[{"href":"https:\/\/www.ggggcorp.com\/es\/wp-json\/wp\/v2\/types\/page"}],"author":[{"embeddable":true,"href":"https:\/\/www.ggggcorp.com\/es\/wp-json\/wp\/v2\/users\/1"}],"replies":[{"embeddable":true,"href":"https:\/\/www.ggggcorp.com\/es\/wp-json\/wp\/v2\/comments?post=6"}],"version-history":[{"count":10,"href":"https:\/\/www.ggggcorp.com\/es\/wp-json\/wp\/v2\/pages\/6\/revisions"}],"predecessor-version":[{"id":988,"href":"https:\/\/www.ggggcorp.com\/es\/wp-json\/wp\/v2\/pages\/6\/revisions\/988"}],"wp:attachment":[{"href":"https:\/\/www.ggggcorp.com\/es\/wp-json\/wp\/v2\/media?parent=6"}],"curies":[{"name":"wp","href":"https:\/\/api.w.org\/{rel}","templated":true}]}}