{"id":4,"date":"2009-11-19T00:22:03","date_gmt":"2009-11-19T05:22:03","guid":{"rendered":"http:\/\/www.ggggcorp.com\/?page_id=4"},"modified":"2018-08-24T09:09:15","modified_gmt":"2018-08-24T14:09:15","slug":"our-services","status":"publish","type":"page","link":"https:\/\/www.ggggcorp.com\/es\/our-services\/","title":{"rendered":"Servicios"},"content":{"rendered":"<p><div class=\"padding-top-small row\"><div class=\"text-center col-md-12\">\r\n                <h3 >\r\n                     QUE SERVICIOS PUEDE OFRECER GGGG CORP. A UNA EMPRESA DE TPBC?\r\n                <\/h3>\r\n            <\/div>\nUna compa\u00f1\u00eda telef\u00f3nica local (TPBC) puede beneficiarse ampliamente del sofristicado portafolio de servicios convergentes que GGGG Corp instala \u00a8llave en mano\u00a8 y en cuesti\u00f3n de unas pocas semanas.<br \/>\nAparte de soluciones especiales que GGGG Corp puede montar para una empresa en particular, las necesidades m\u00e1s frecuentes que nuestros servicios le ayudan a resolver a una empresa de tel\u00e9fonos local que lucha por sobrevivir en un mercado amenazado por las estrategias predatorias de las multinacionales son los siguientes:<\/p>\n<h4>NECESIDAD DE RETENER CLIENTES DE TELEFON\u00cdA FIJA:<\/h4>\n<p>Los usuarios de una red fija son constantemente amenazados por la competencia, pues ellos constituyen la base para desarrollar un negocio convergente que incluya voz, video y datos. Por esta raz\u00f3n, las empresas locales suelen encontrarse que su labor de ventas simplemente reemplaza la p\u00e9rdida de usuarios, y no genera un crecimiento neto significativo. Para detener este c\u00edrculo vicioso, que llega a costar en algunos casos hasta US$150 por cada usuario repuesto, GGGG Corp ha encontrado que su producto \u00a8MI SEGUNDA L\u00cdNEA INTERNACIONAL (MSL)\u00a8 ayuda realmente a reducir el \u00a8churn\u00a8 de usuarios casi en un 90%, a solo una fracci\u00f3n del costo que significa reemplazar a un usuario perdido.<\/p>\n<h4>MI SEGUNDA L\u00cdNEA INTERNACIONAL (MSL)<\/h4>\n<p>Consiste b\u00e1sicamente en identificar mediante una campa\u00f1a de telemercadeo, el pa\u00eds en el cual cada usuario tiene prioridad de comunicarse, ya sea por razones de negocios o de familia. Con base en la informaci\u00f3n recabada, se procede a asignar a cada usuario una l\u00ednea local de su pa\u00eds preferido.<br \/>\nA esta l\u00ednea, pueden llamarle de manera ilimitada, sin costo adicional, y a costo de una comunicaci\u00f3n local para quien llama. La comunicaci\u00f3n entra al usuario mediante su aparato telef\u00f3nico como una llamada com\u00fan y corriente.<br \/>\nGracias a esta estrategia, una empresa local puede retener sus usuarios debido a la alta lealtad que se genera y las implicaciones emocionales vinculadas a un servicio que une la familia y repara el tejido relacional lastimado por la migraci\u00f3n.<br \/>\nEste servicio puede ser establecido por GGGG Corp en menos de 90 d\u00edas y requiere un m\u00ednimo de 10 mil usuarios para iniciar.<br \/>\nNuestra soluci\u00f3n incluye el hardware, el software, y el servicio de puesta a punto necesarios, todo inclu\u00eddo dentro de la tarifa mensual de renta por cada usuario MSL.<\/p>\n<h4>NECESIDAD DE COMPETIR EN LARGA DISTANCIA INTERNACIONAL:<\/h4>\n<p>Las tarifas de LDI tienden a la baja y esto es debido a que el servicio de telefon\u00eda es altamente el\u00e1stico y sensible al precio.<br \/>\nPor esta raz\u00f3n se impone el flat fee en los pa\u00edses cuya regulaci\u00f3n permite una mayor competencia.<br \/>\nA\u00fan en mercados protegidos, es interesante ver c\u00f3mo la reducci\u00f3n deliberada de tarifas incrementan la competitividad nacional y tambi\u00e9n la rentabilidad de las compa\u00f1\u00edas de tel\u00e9fonos, pues es un hecho que cuando el usuario pierde el temor a la cuenta de larga distancia, su uso de las telecomunicaciones se dispara.<br \/>\nGGGG Corporation est\u00e1 preparada para aportar su experiencia y recursos a una empresa de tel\u00e9fonos que desee ser m\u00e1s agresiva en su estrategia competitiva de LDI.<br \/>\nPara este grupo de necesidades, GGGG Corp puede entregar servicios de conectividad LINEA A LINEA (L2L), en los cuales se configura \u00a8familias\u00a8 de numeraci\u00f3n entre las cuales la llamada tiene un costo fijo mensual. De esta forma, una familia nacional puede hablar de forma ilimitada y en dos sentidos con un segundo n\u00famero en USA, Canad\u00e1 Espa\u00f1a, Colombia o Venezuela.<br \/>\nTambi\u00e9n es posible configurar un servicio de solo salida a m\u00f3viles o fijos en USA o Canad\u00e1. A una tarifa plana sumamente baja.<br \/>\nFinalmente y de forma complementaria, GGGG Corporation ofrece a sus aliados un A-Z global altamente competitivo, el cual se entrega pr\u00e1cticamente a costo como valor agregado dentro del paquete de servicios convergentes. De esta forma, nuestros socios de negocios podr\u00e1n tener siempre una tarifa competitiva de interconexi\u00f3n al mundo, mientras avanzan en la consolidaci\u00f3n de una base estable de usuarios de flat fee.<\/p>\n<h4>NECESIDAD DE CRECER USANDO REDES DE TERCEROS (TV POR CABLE)<\/h4>\n<p>Los costos de crecer indefinidamente sobre redes propias son el mayor limitante para las medianas y peque\u00f1as empresas telef\u00f3nicas del mundo.<br \/>\nPero esa limitaci\u00f3n, en plena edad de la convergencia, ya puede ser plenamente superada.<br \/>\nGGGG Corp puede ayudarle a integrar nuevas redes de terceras empresas que tengan presencia en su localidad, mediante un cluster de softswitch y nuestra plataforma de gesti\u00f3n ACTIVATEL.<br \/>\nDe esta manera, su empresa puede incorporar nuevos usuarios de telefon\u00eda sobre redes como las de televisi\u00f3n por cable, o de acceso a Internet, ya sean propias o de terceras compa\u00f1\u00edas.<br \/>\nTambi\u00e9n suplimos el hardware configurado para que las nuevas redes IP adjuntas a su red TPBC empiecen a operar en el menor tiempo posible.<br \/>\nEste servicio se monta en menos de 90 d\u00edas y permite seguir creciendo sin realizar inversiones significativas y amarrando el egreso al nuevo ingreso generado.<\/p>\n<h4>NECESIDAD DE LANZAR PINES Y DEM\u00c1S SERVICIOS PREPAGADOS<\/h4>\n<p>La avanzada plataforma de telefon\u00eda convergente ACTIVATEL, le permite lanzar y administrar de forma totalmente flexible nuevos servicios prepagados ya sea de LDI o LDN.<br \/>\nNo solo tarjetas sino sistemas de distribuci\u00f3n virtual de pines y sistemas pin-less Este servicio puede ser montado en menos de 60 d\u00edas y se cobra por minuto para no generar costos fijos a la operaci\u00f3n de nuestros aliados.<\/p>\n<h4>NECESIDAD DE APORTARLE MOVILIDAD AL N\u00daMERO TELEF\u00d3NICO<\/h4>\n<p>En un mundo cada d\u00eda m\u00e1s necesitado de la movilidad, GGGG Corp se ha preparado para responder mediante la soluci\u00f3n MAGIC-LINE, la cual empaqueta l\u00edneas telef\u00f3nicas fijas de UNO o VARIOS PA\u00cdSES dentro de un USB Memory o un handset con apariencia muy parecida a un tel\u00e9fono celular.<br \/>\nEl usuario recibe una l\u00ednea de SU EMPRESA TELEF\u00d3NICA, la cual es plenamente portable y puede llevarla al mundo, us\u00e1ndola desde cualquier conexi\u00f3n a internet.<br \/>\nSi el usuario as\u00ed lo desea, puede configurarse m\u00e1s de una l\u00ednea de un pa\u00eds en un solo dispositivo m\u00f3vil y la recarga puede realizarse desde cualquier lugar del mundo mediante tarjeta de cr\u00e9dito.<br \/>\nEn pedidos superiores a 10 mil unidades, el MAGIC-LINE se personaliza con el logotipo de la empresa telef\u00f3nica aliada de GGGG Corp, para lograr una m\u00e1xima recordaci\u00f3n de marca.<br \/>\n<\/div><\/p>","protected":false},"excerpt":{"rendered":"","protected":false},"author":1,"featured_media":0,"parent":0,"menu_order":1,"comment_status":"closed","ping_status":"closed","template":"","meta":[],"_links":{"self":[{"href":"https:\/\/www.ggggcorp.com\/es\/wp-json\/wp\/v2\/pages\/4"}],"collection":[{"href":"https:\/\/www.ggggcorp.com\/es\/wp-json\/wp\/v2\/pages"}],"about":[{"href":"https:\/\/www.ggggcorp.com\/es\/wp-json\/wp\/v2\/types\/page"}],"author":[{"embeddable":true,"href":"https:\/\/www.ggggcorp.com\/es\/wp-json\/wp\/v2\/users\/1"}],"replies":[{"embeddable":true,"href":"https:\/\/www.ggggcorp.com\/es\/wp-json\/wp\/v2\/comments?post=4"}],"version-history":[{"count":9,"href":"https:\/\/www.ggggcorp.com\/es\/wp-json\/wp\/v2\/pages\/4\/revisions"}],"predecessor-version":[{"id":952,"href":"https:\/\/www.ggggcorp.com\/es\/wp-json\/wp\/v2\/pages\/4\/revisions\/952"}],"wp:attachment":[{"href":"https:\/\/www.ggggcorp.com\/es\/wp-json\/wp\/v2\/media?parent=4"}],"curies":[{"name":"wp","href":"https:\/\/api.w.org\/{rel}","templated":true}]}}