{"id":367,"date":"2014-02-04T13:21:02","date_gmt":"2014-02-04T13:21:02","guid":{"rendered":"http:\/\/boston.wp.themeforest.createit.pl\/?page_id=99"},"modified":"2016-03-02T14:42:21","modified_gmt":"2016-03-02T19:42:21","slug":"home-2","status":"publish","type":"page","link":"https:\/\/www.ggggcorp.com\/es\/","title":{"rendered":"Inicio"},"content":{"rendered":"<p><\/div><div class=\"full-width\">\n\n<div id=\"rev_slider_2_2_wrapper\" class=\"rev_slider_wrapper fullwidthbanner-container\" style=\"margin:0px auto;background-color:#eeeeee;padding:0px;margin-top:40px;margin-bottom:0px;max-height:650px;\">\n<!-- START REVOLUTION SLIDER 4.6.93 fullwidth mode -->\n\t<div id=\"rev_slider_2_2\" class=\"rev_slider fullwidthabanner\" style=\"display:none;max-height:650px;height:650px;\">\n<ul>\t<!-- SLIDE  -->\n\t<li data-transition=\"fadefromright\" data-slotamount=\"7\" data-masterspeed=\"300\"  data-saveperformance=\"off\" >\n\t\t<!-- MAIN IMAGE -->\n\t\t<img src=\"https:\/\/www.ggggcorp.com\/wp-content\/uploads\/2016\/03\/slide1.jpg\"  alt=\"slide1\"  data-bgposition=\"center top\" data-bgfit=\"cover\" data-bgrepeat=\"no-repeat\">\n\t\t<!-- LAYERS -->\n\n\t\t<!-- LAYER NR. 1 -->\n\t\t<div class=\"tp-caption mediumlarge_light_white sfl ltr tp-resizeme\" \n\t\t\t data-x=\"10\" \n\t\t\t data-y=\"center\" data-voffset=\"0\" \n\t\t\tdata-speed=\"300\" \n\t\t\tdata-start=\"500\" \n\t\t\tdata-easing=\"Power3.easeInOut\" \n\t\t\tdata-splitin=\"none\" \n\t\t\tdata-splitout=\"none\" \n\t\t\tdata-elementdelay=\"0.1\" \n\t\t\tdata-endelementdelay=\"0.1\" \n\t\t\t data-end=\"4600\" \n data-endspeed=\"300\" \n\n\t\t\tstyle=\"z-index: 5; max-width: auto; max-height: auto; white-space: nowrap;\">M\u00e1s de 18 a\u00f1os brindando Conectividad \n\t\t<\/div>\n\n\t\t<!-- LAYER NR. 2 -->\n\t\t<div class=\"tp-caption mediumwhitebg sfl ltr tp-resizeme\" \n\t\t\t data-x=\"10\" \n\t\t\t data-y=\"center\" data-voffset=\"70\" \n\t\t\tdata-speed=\"300\" \n\t\t\tdata-start=\"1050\" \n\t\t\tdata-easing=\"Power3.easeInOut\" \n\t\t\tdata-splitin=\"none\" \n\t\t\tdata-splitout=\"none\" \n\t\t\tdata-elementdelay=\"0.1\" \n\t\t\tdata-endelementdelay=\"0.1\" \n\t\t\t data-endspeed=\"300\" \n\n\t\t\tstyle=\"z-index: 6; max-width: auto; max-height: auto; white-space: nowrap;\">y alternativas innovadoras de comunicaci\u00f3n. \n\t\t<\/div>\n\t<\/li>\n\t<!-- SLIDE  -->\n\t<li data-transition=\"fadefromleft\" data-slotamount=\"7\" data-masterspeed=\"300\"  data-saveperformance=\"off\" >\n\t\t<!-- MAIN IMAGE -->\n\t\t<img src=\"https:\/\/www.ggggcorp.com\/wp-content\/uploads\/2016\/03\/slide3.jpg\"  alt=\"slide3\"  data-bgposition=\"center top\" data-bgfit=\"cover\" data-bgrepeat=\"no-repeat\">\n\t\t<!-- LAYERS -->\n\n\t\t<!-- LAYER NR. 1 -->\n\t\t<div class=\"tp-caption mediumlarge_light_white sfl ltr tp-resizeme\" \n\t\t\t data-x=\"10\" \n\t\t\t data-y=\"center\" data-voffset=\"0\" \n\t\t\tdata-speed=\"300\" \n\t\t\tdata-start=\"500\" \n\t\t\tdata-easing=\"Power3.easeInOut\" \n\t\t\tdata-splitin=\"none\" \n\t\t\tdata-splitout=\"none\" \n\t\t\tdata-elementdelay=\"0.1\" \n\t\t\tdata-endelementdelay=\"0.1\" \n\t\t\t data-end=\"4600\" \n data-endspeed=\"300\" \n\n\t\t\tstyle=\"z-index: 5; max-width: auto; max-height: auto; white-space: nowrap;\">M\u00e1s de 18 a\u00f1os brindando Conectividad \n\t\t<\/div>\n\n\t\t<!-- LAYER NR. 2 -->\n\t\t<div class=\"tp-caption mediumwhitebg sfl ltr tp-resizeme\" \n\t\t\t data-x=\"10\" \n\t\t\t data-y=\"center\" data-voffset=\"70\" \n\t\t\tdata-speed=\"300\" \n\t\t\tdata-start=\"1050\" \n\t\t\tdata-easing=\"Power3.easeInOut\" \n\t\t\tdata-splitin=\"none\" \n\t\t\tdata-splitout=\"none\" \n\t\t\tdata-elementdelay=\"0.1\" \n\t\t\tdata-endelementdelay=\"0.1\" \n\t\t\t data-endspeed=\"300\" \n\n\t\t\tstyle=\"z-index: 6; max-width: auto; max-height: auto; white-space: nowrap;\">y alternativas innovadoras de comunicaci\u00f3n. \n\t\t<\/div>\n\t<\/li>\n<\/ul>\n<div class=\"tp-bannertimer\"><\/div>\t<\/div>\n\t\t\t\n\n\t\t\t<style scoped>.tp-caption.mediumlarge_light_white,.mediumlarge_light_white{font-size:34px;line-height:40px;font-weight:300;font-family:\"Open Sans\";color:rgb(255,255,255);text-decoration:none;background-color:transparent;padding:0px;border-width:0px;border-color:rgb(255,214,88);border-style:none}.tp-caption.mediumwhitebg,.mediumwhitebg{font-size:30px;line-height:30px;font-weight:300;font-family:\"Open Sans\";color:rgb(0,0,0);text-decoration:none;background-color:rgb(255,255,255);padding:5px 15px 10px;text-shadow:none;border-width:0px;border-color:rgb(0,0,0);border-style:none}<\/style>\n\n\t\t\t<script type=\"text\/javascript\">\n\n\t\t\t\t\/******************************************\n\t\t\t\t\t-\tPREPARE PLACEHOLDER FOR SLIDER\t-\n\t\t\t\t******************************************\/\n\t\t\t\t\n\n\t\t\t\tvar setREVStartSize = function() {\n\t\t\t\t\tvar\ttpopt = new Object();\n\t\t\t\t\t\ttpopt.startwidth = 940;\n\t\t\t\t\t\ttpopt.startheight = 650;\n\t\t\t\t\t\ttpopt.container = jQuery('#rev_slider_2_2');\n\t\t\t\t\t\ttpopt.fullScreen = \"off\";\n\t\t\t\t\t\ttpopt.forceFullWidth=\"off\";\n\n\t\t\t\t\ttpopt.container.closest(\".rev_slider_wrapper\").css({height:tpopt.container.height()});tpopt.width=parseInt(tpopt.container.width(),0);tpopt.height=parseInt(tpopt.container.height(),0);tpopt.bw=tpopt.width\/tpopt.startwidth;tpopt.bh=tpopt.height\/tpopt.startheight;if(tpopt.bh>tpopt.bw)tpopt.bh=tpopt.bw;if(tpopt.bh<tpopt.bw)tpopt.bw=tpopt.bh;if(tpopt.bw<tpopt.bh)tpopt.bh=tpopt.bw;if(tpopt.bh>1){tpopt.bw=1;tpopt.bh=1}if(tpopt.bw>1){tpopt.bw=1;tpopt.bh=1}tpopt.height=Math.round(tpopt.startheight*(tpopt.width\/tpopt.startwidth));if(tpopt.height>tpopt.startheight&&tpopt.autoHeight!=\"on\")tpopt.height=tpopt.startheight;if(tpopt.fullScreen==\"on\"){tpopt.height=tpopt.bw*tpopt.startheight;var cow=tpopt.container.parent().width();var coh=jQuery(window).height();if(tpopt.fullScreenOffsetContainer!=undefined){try{var offcontainers=tpopt.fullScreenOffsetContainer.split(\",\");jQuery.each(offcontainers,function(e,t){coh=coh-jQuery(t).outerHeight(true);if(coh<tpopt.minFullScreenHeight)coh=tpopt.minFullScreenHeight})}catch(e){}}tpopt.container.parent().height(coh);tpopt.container.height(coh);tpopt.container.closest(\".rev_slider_wrapper\").height(coh);tpopt.container.closest(\".forcefullwidth_wrapper_tp_banner\").find(\".tp-fullwidth-forcer\").height(coh);tpopt.container.css({height:\"100%\"});tpopt.height=coh;}else{tpopt.container.height(tpopt.height);tpopt.container.closest(\".rev_slider_wrapper\").height(tpopt.height);tpopt.container.closest(\".forcefullwidth_wrapper_tp_banner\").find(\".tp-fullwidth-forcer\").height(tpopt.height);}\n\t\t\t\t};\n\n\t\t\t\t\/* CALL PLACEHOLDER *\/\n\t\t\t\tsetREVStartSize();\n\n\n\t\t\t\tvar tpj=jQuery;\n\t\t\t\ttpj.noConflict();\n\t\t\t\tvar revapi2;\n\n\t\t\t\ttpj(document).ready(function() {\n\n\t\t\t\tif(tpj('#rev_slider_2_2').revolution == undefined){\n\t\t\t\t\trevslider_showDoubleJqueryError('#rev_slider_2_2');\n\t\t\t\t}else{\n\t\t\t\t   revapi2 = tpj('#rev_slider_2_2').show().revolution(\n\t\t\t\t\t{\t\n\t\t\t\t\t\t\t\t\t\t\t\tdottedOverlay:\"none\",\n\t\t\t\t\t\tdelay:5000,\n\t\t\t\t\t\tstartwidth:940,\n\t\t\t\t\t\tstartheight:650,\n\t\t\t\t\t\thideThumbs:0,\n\n\t\t\t\t\t\tthumbWidth:100,\n\t\t\t\t\t\tthumbHeight:50,\n\t\t\t\t\t\tthumbAmount:2,\n\t\t\t\t\t\t\n\t\t\t\t\t\t\t\t\t\t\t\t\n\t\t\t\t\t\tsimplifyAll:\"off\",\n\n\t\t\t\t\t\tnavigationType:\"bullet\",\n\t\t\t\t\t\tnavigationArrows:\"solo\",\n\t\t\t\t\t\tnavigationStyle:\"round\",\n\n\t\t\t\t\t\ttouchenabled:\"on\",\n\t\t\t\t\t\tonHoverStop:\"on\",\n\t\t\t\t\t\tnextSlideOnWindowFocus:\"off\",\n\n\t\t\t\t\t\tswipe_threshold: 75,\n\t\t\t\t\t\tswipe_min_touches: 1,\n\t\t\t\t\t\tdrag_block_vertical: false,\n\t\t\t\t\t\t\n\t\t\t\t\t\t\t\t\t\t\t\t\n\t\t\t\t\t\t\t\t\t\t\t\t\n\t\t\t\t\t\tkeyboardNavigation:\"off\",\n\n\t\t\t\t\t\tnavigationHAlign:\"center\",\n\t\t\t\t\t\tnavigationVAlign:\"bottom\",\n\t\t\t\t\t\tnavigationHOffset:0,\n\t\t\t\t\t\tnavigationVOffset:20,\n\n\t\t\t\t\t\tsoloArrowLeftHalign:\"left\",\n\t\t\t\t\t\tsoloArrowLeftValign:\"center\",\n\t\t\t\t\t\tsoloArrowLeftHOffset:20,\n\t\t\t\t\t\tsoloArrowLeftVOffset:0,\n\n\t\t\t\t\t\tsoloArrowRightHalign:\"right\",\n\t\t\t\t\t\tsoloArrowRightValign:\"center\",\n\t\t\t\t\t\tsoloArrowRightHOffset:20,\n\t\t\t\t\t\tsoloArrowRightVOffset:0,\n\n\t\t\t\t\t\tshadow:0,\n\t\t\t\t\t\tfullWidth:\"on\",\n\t\t\t\t\t\tfullScreen:\"off\",\n\n\t\t\t\t\t\t\t\t\t\t\t\tspinner:\"spinner0\",\n\t\t\t\t\t\t\t\t\t\t\t\t\n\t\t\t\t\t\tstopLoop:\"off\",\n\t\t\t\t\t\tstopAfterLoops:-1,\n\t\t\t\t\t\tstopAtSlide:-1,\n\n\t\t\t\t\t\tshuffle:\"off\",\n\n\t\t\t\t\t\tautoHeight:\"off\",\n\t\t\t\t\t\tforceFullWidth:\"off\",\n\t\t\t\t\t\t\n\t\t\t\t\t\t\n\t\t\t\t\t\t\n\t\t\t\t\t\thideThumbsOnMobile:\"off\",\n\t\t\t\t\t\thideNavDelayOnMobile:1500,\n\t\t\t\t\t\thideBulletsOnMobile:\"off\",\n\t\t\t\t\t\thideArrowsOnMobile:\"off\",\n\t\t\t\t\t\thideThumbsUnderResolution:0,\n\n\t\t\t\t\t\t\t\t\t\t\t\thideSliderAtLimit:0,\n\t\t\t\t\t\thideCaptionAtLimit:768,\n\t\t\t\t\t\thideAllCaptionAtLilmit:0,\n\t\t\t\t\t\tstartWithSlide:0\t\t\t\t\t});\n\n\n\n\t\t\t\t\t\t\t\t\t}\n\t\t\t\t});\t\/*ready*\/\n\n\t\t\t<\/script>\n\n\n\t\t\t<\/div><!-- END REVOLUTION SLIDER --><br \/>\n<\/div><div class=\"container\">\n<div id=\"about-us\" class=\" chapter padding-medium row\">\n<div class=\"text-center col-md-12\">\n\r\n                <h2 >\r\n                    Somos <span class=\"color-font light\">GGGG Corporation<\/span>\r\n                <\/h2>\r\n            \n<\/div>\n<\/div>\n<\/div><div class=\"full-width\">\n\r\n                <div class=\"parallax\" id=\"Parallax453\" style=\"background-image: url(&quot;\/wp-content\/uploads\/2014\/02\/parallax21.jpg&quot;)\">\r\n                    \n<div class=\"container\"><div class=\"padding-big row animated\" data-fx=\"fadeInLeft\">\n<div class=\"text-center col-md-12\">\n\r\n                <h4 >\r\n                    \nGGGG Corp. es agente exclusivo para Am\u00e9rica Latina de AllCom y sus marcas CellularPlusPlus y EasyTel.\r\n                <\/h4>\r\n            \r\n                <h5 >\r\n                    \nSus operaciones incluyen Espa\u00f1a, Canad\u00e1, USA, Venezuela y Colombia, donde se opera en contrato de exclusividad con diferentes empresas p\u00fablicas y privadas, siempre de la mano de socios locales cuyo crecimiento ha ido a la par de la expansi\u00f3n de GGGG Corporation.\r\n                <\/h5>\r\n            \n<\/div>\n<\/div><\/div>\n\r\n                <\/div>\r\n            \n<\/div><div class=\"container\">\n<\/div><div class=\"light-gray-row full-width\">\n<div class=\"container\"><div class=\"padding-top-small row\">\n<div class=\"text-center col-md-12\">\n\r\n                <h4 >\r\n                    Nuestros <span class=\"color-font\">Servicios<\/span>\r\n                <\/h4>\r\n            \n<\/div>\n<\/div><\/div>\n<div class=\"container\"><div class=\"padding-top-small row\">\n<div class=\"col-md-4\">\n\r\n            <div class=\"media feature-list\">\r\n                <div class=\"pull-left icon\">\r\n                    <i class=\"fa fa-phone\"><\/i>\r\n                <\/div>\r\n                <div class=\"media-body\">\r\n                    <span class=\"h6 media-heading\">Telefon\u00eda Fija<\/span><br>\r\n                    <span>Conservar clientes de telefon\u00eda fija.<\/span>\r\n                <\/div>\r\n            <\/div>\r\n       \n<\/div>\n<div class=\"col-md-4\">\n\r\n            <div class=\"media feature-list\">\r\n                <div class=\"pull-left icon\">\r\n                    <i class=\"fa fa-phone-square\"><\/i>\r\n                <\/div>\r\n                <div class=\"media-body\">\r\n                    <span class=\"h6 media-heading\">Segunda L\u00ednea<\/span><br>\r\n                    <span>Contar con una segunda l\u00ednea internacional.<\/span>\r\n                <\/div>\r\n            <\/div>\r\n       \n<\/div>\n<div class=\"col-md-4\">\n\r\n            <div class=\"media feature-list\">\r\n                <div class=\"pull-left icon\">\r\n                    <i class=\"fa fa-globe\"><\/i>\r\n                <\/div>\r\n                <div class=\"media-body\">\r\n                    <span class=\"h6 media-heading\">Larga Distancia<\/span><br>\r\n                    <span>Larga Distancia Internacional altamente competitiva.<\/span>\r\n                <\/div>\r\n            <\/div>\r\n       \n<\/div>\n<\/div><\/div>\n<div class=\"container\"><div class=\"padding-small row\">\n<div class=\"col-md-4\">\n\r\n            <div class=\"media feature-list\">\r\n                <div class=\"pull-left icon\">\r\n                    <i class=\"fa fa-exchange\"><\/i>\r\n                <\/div>\r\n                <div class=\"media-body\">\r\n                    <span class=\"h6 media-heading\">Redes de terceros<\/span><br>\r\n                    <span>Crecer a trav\u00e9s de redes de terceros.<\/span>\r\n                <\/div>\r\n            <\/div>\r\n       \n<\/div>\n<div class=\"col-md-4\">\n\r\n            <div class=\"media feature-list\">\r\n                <div class=\"pull-left icon\">\r\n                    <i class=\"fa fa-credit-card\"><\/i>\r\n                <\/div>\r\n                <div class=\"media-body\">\r\n                    <span class=\"h6 media-heading\">Pines<\/span><br>\r\n                    <span>Pines y otros servicios prepagados.<\/span>\r\n                <\/div>\r\n            <\/div>\r\n       \n<\/div>\n<div class=\"col-md-4\">\n\r\n            <div class=\"media feature-list\">\r\n                <div class=\"pull-left icon\">\r\n                    <i class=\"fa fa-mobile\"><\/i>\r\n                <\/div>\r\n                <div class=\"media-body\">\r\n                    <span class=\"h6 media-heading\">Movilidad<\/span><br>\r\n                    <span>Brindar movilidad al n\u00famero telef\u00f3nico.<\/span>\r\n                <\/div>\r\n            <\/div>\r\n       \n<\/div>\n<\/div><\/div>\n<\/div><div class=\"container\">\n<\/div><div class=\"color-row full-width\">\n<div class=\"container\"><div class=\"padding-small row\">\n<div class=\"text-center col-md-12\">\n\r\n                <h4 >\r\n                    <span class=\" light\">\u00a1Cont\u00e1ctanos!<\/span>\r\n                <\/h4>\r\n            \r\n             <a href=\"\/contact-us\" class=\"btn btn-lg  btn-white btn-top-margin\" id=\"\" rel=\"nofollow\">Click Here<\/a>\r\n        \n<\/div>\n<\/div><\/div>\n<\/div><div class=\"container\">\n<\/p>","protected":false},"excerpt":{"rendered":"","protected":false},"author":1,"featured_media":0,"parent":0,"menu_order":0,"comment_status":"open","ping_status":"closed","template":"","meta":[],"_links":{"self":[{"href":"https:\/\/www.ggggcorp.com\/es\/wp-json\/wp\/v2\/pages\/367"}],"collection":[{"href":"https:\/\/www.ggggcorp.com\/es\/wp-json\/wp\/v2\/pages"}],"about":[{"href":"https:\/\/www.ggggcorp.com\/es\/wp-json\/wp\/v2\/types\/page"}],"author":[{"embeddable":true,"href":"https:\/\/www.ggggcorp.com\/es\/wp-json\/wp\/v2\/users\/1"}],"replies":[{"embeddable":true,"href":"https:\/\/www.ggggcorp.com\/es\/wp-json\/wp\/v2\/comments?post=367"}],"version-history":[{"count":26,"href":"https:\/\/www.ggggcorp.com\/es\/wp-json\/wp\/v2\/pages\/367\/revisions"}],"predecessor-version":[{"id":931,"href":"https:\/\/www.ggggcorp.com\/es\/wp-json\/wp\/v2\/pages\/367\/revisions\/931"}],"wp:attachment":[{"href":"https:\/\/www.ggggcorp.com\/es\/wp-json\/wp\/v2\/media?parent=367"}],"curies":[{"name":"wp","href":"https:\/\/api.w.org\/{rel}","templated":true}]}}