{"id":2,"date":"2009-11-19T00:18:25","date_gmt":"2009-11-19T05:18:25","guid":{"rendered":"http:\/\/www.ggggcorp.com\/?page_id=2"},"modified":"2018-08-24T09:08:16","modified_gmt":"2018-08-24T14:08:16","slug":"about","status":"publish","type":"page","link":"https:\/\/www.ggggcorp.com\/es\/about\/","title":{"rendered":"Nosotros"},"content":{"rendered":"<p><div class=\"padding-top-small row\"><div class=\"text-center col-md-12\">\r\n                <h3 >\r\n                     QUIEN ES GGGG CORPORATION?\r\n                <\/h3>\r\n            <\/div>\n<div class=\"text-left col-md-4 animated\" data-fx=\"fadeIn\" data-time=\"500\"><\/div><div class=\"text-left col-md-8 animated\" data-fx=\"fadeIn\" data-time=\"500\">Creada en Junio de 2007, GGGG Corp. es una empresa de familia, con activos por m\u00e1s de US$8 millones en 2008. Su presidenta es Gloria Puche, la reconocida empresaria Norteamericana, de origen Colombiano, quien es adem\u00e1s una importante l\u00edder del partido dem\u00f3crata del estado de la Florida. A pesar de su relativa juventud, GGGG Corp capitaliza desde sus inicios, toda la solvencia empresarial de sus fundadores, y m\u00e1s de 12 a\u00f1os de experiencia directa en el negocio de las telecomunicaciones.<\/div>\n<\/div>\n<div class=\"padding-top-small row\">\n<div class=\"col-md-6 animated\" data-fx=\"fadeIn\" data-time=\"500\">\nCGGGG Corp. Se ha especializado en la atenci\u00f3n de nichos de inmigrantes a trav\u00e9s de lo que se considera ser\u00e1 el futuro de la telefon\u00eda mundial, y es la configuraci\u00f3n de servicios convergentes sobre numeraci\u00f3n telef\u00f3nica DID (Direct Inward Dialing). GGGG Corp es Agente Exclusivo para Am\u00e9rica Latina de AllCom y sus marcas CellularPlusPlus y EasyTel. Sus operaciones incluyen Espa\u00f1a, Canad\u00e1, USA, Venezuela y Colombia, donde se opera en contrato de exclusividad con diferentes empresas p\u00fablicas y privadas, siempre de la mano de socios locales cuyo crecimiento ha ido a la par de la expansi\u00f3n de GGGG Corporation.<br \/>\n<\/div>\n<div class=\"col-md-6 animated\" data-fx=\"fadeIn\" data-time=\"500\">\n<img loading=\"lazy\" width=\"300\" height=\"225\" class=\"alignright size-medium wp-image-75\" style=\"width: 100%;\" title=\"los dos\" src=\"https:\/\/www.ggggcorp.com\/wp-content\/uploads\/2009\/12\/los-dos-300x225.jpg\" alt=\"los dos\" srcset=\"https:\/\/www.ggggcorp.com\/wp-content\/uploads\/2009\/12\/los-dos-300x225.jpg 300w, https:\/\/www.ggggcorp.com\/wp-content\/uploads\/2009\/12\/los-dos-1024x768.jpg 1024w, https:\/\/www.ggggcorp.com\/wp-content\/uploads\/2009\/12\/los-dos.JPG 1280w\" sizes=\"(max-width: 300px) 100vw, 300px\" \/><br \/>\n<\/div>\n<\/div>\n<p><\/p>","protected":false},"excerpt":{"rendered":"","protected":false},"author":1,"featured_media":0,"parent":0,"menu_order":0,"comment_status":"closed","ping_status":"closed","template":"","meta":[],"_links":{"self":[{"href":"https:\/\/www.ggggcorp.com\/es\/wp-json\/wp\/v2\/pages\/2"}],"collection":[{"href":"https:\/\/www.ggggcorp.com\/es\/wp-json\/wp\/v2\/pages"}],"about":[{"href":"https:\/\/www.ggggcorp.com\/es\/wp-json\/wp\/v2\/types\/page"}],"author":[{"embeddable":true,"href":"https:\/\/www.ggggcorp.com\/es\/wp-json\/wp\/v2\/users\/1"}],"replies":[{"embeddable":true,"href":"https:\/\/www.ggggcorp.com\/es\/wp-json\/wp\/v2\/comments?post=2"}],"version-history":[{"count":41,"href":"https:\/\/www.ggggcorp.com\/es\/wp-json\/wp\/v2\/pages\/2\/revisions"}],"predecessor-version":[{"id":1009,"href":"https:\/\/www.ggggcorp.com\/es\/wp-json\/wp\/v2\/pages\/2\/revisions\/1009"}],"wp:attachment":[{"href":"https:\/\/www.ggggcorp.com\/es\/wp-json\/wp\/v2\/media?parent=2"}],"curies":[{"name":"wp","href":"https:\/\/api.w.org\/{rel}","templated":true}]}}