{"id":16,"date":"2009-12-13T13:35:36","date_gmt":"2009-12-13T18:35:36","guid":{"rendered":"http:\/\/www.ggggcorp.com\/?page_id=16"},"modified":"2018-08-24T09:10:39","modified_gmt":"2018-08-24T14:10:39","slug":"our-clients","status":"publish","type":"page","link":"https:\/\/www.ggggcorp.com\/es\/our-clients\/","title":{"rendered":"Clientes"},"content":{"rendered":"<p><div class=\"padding-top-small row\"><div class=\"text-center col-md-12\">\r\n                <h3 >\r\n                     \u00bfQUIEN PUEDE DAR REFERENCIAS DE GGGG CORPORATION?\r\n                <\/h3>\r\n            <\/div>\n<div id=\"logoSlider840\" class=\"flexCarousel padding-top-small\">\r\n                                <div class=\"flexslider\">\r\n                                    <ul class=\"slides\">\r\n                                        <li ><a href=\"https:\/\/www.etb.com.co\"><img alt=\"ETB\" src=\"https:\/\/www.ggggcorp.com\/wp-content\/uploads\/2016\/03\/etb.jpg\"><\/a><\/li> <li ><a href=\"https:\/\/www.allcom.com\/\"><img alt=\"AllCom\" src=\"https:\/\/www.ggggcorp.com\/wp-content\/uploads\/2016\/03\/allcom.jpg\"><\/a><\/li><li ><a href=\"https:\/\/www.didx.net\/\"><img alt=\"DidX\" src=\"https:\/\/www.ggggcorp.com\/wp-content\/uploads\/2016\/03\/didx.jpg\"><\/a><\/li><li ><a href=\"https:\/\/www.voxbone.com\/\"><img alt=\"Voxbone\" src=\"https:\/\/www.ggggcorp.com\/wp-content\/uploads\/2016\/03\/voxbone.jpg\"><\/a><\/li><li ><a href=\"https:\/\/www.inter.com.ve\/\"><img alt=\"Inter Venezuela\" src=\"https:\/\/www.ggggcorp.com\/wp-content\/uploads\/2016\/03\/inter.jpg\"><\/a><\/li>\n\r\n                                    <\/ul>\r\n                                <\/div>\r\n                            <\/div>\r\n        \n<h6>Important\u00edsimas corporaciones norteamericanas como AllCom, BTS, New Era Telecom, y\u00a0DIDX pueden dar referencias de sus excelentes relaciones comerciales con GGGG Corporation.<br \/>\nAsimismo TERRA en Espa\u00f1a y\u00a0Intercable en Venezuela\u00a0podr\u00e1n contarle c\u00f3mo ha sido su relaci\u00f3n con nuestra empresa.<\/h6>\n<p>Sin embargo, nada como ir personalmente a Colombia y visitar las instalaciones de la EMPRESA DE RECURSOS TECNOL\u00d3GICOS ERT-ESP en Cali, departamento del Valle del Cauca.<\/p>\n<p>\nUbicada en el Valle del Cauca, la regi\u00f3n con mayor porcentaje de emigrantes de Colombia, la ERT-ESP es un operador de capital 100% p\u00fablico.<\/p>\n<p>\nDespu\u00e9s de m\u00e1s de 17 a\u00f1os de operaci\u00f3n en 16 ciudades, la ERT-ESP empez\u00f3 a ver diezmada su base de 47 mil usuarios, por la arremetida de multinacionales como Telmex y Telef\u00f3nica de Espa\u00f1a.<br \/>\nNo obstante, gracias a su alianza con GGGG Corp y a la audacia de sus directivos, quienes no se amilanaron por la feroz competencia y m\u00fasculo financiero de sus adversarios, la ERT-ESP acept\u00f3 lanzar en Diciembre de 2008 el servicio MI SEGUNDA L\u00cdNEA INTERNACIONAL (MSL), convirti\u00e9ndose en la primera empresa de telefon\u00eda local en Colombia en empaquetar l\u00edneas nacionales con internacionales (a\u00fan hoy, a casi un a\u00f1o, sigue siendo la \u00fanica en Colombia).\n<\/p>\n<p>\nCon esta y otras medidas apoyadas por GGGG Corp, ERT-ESP pas\u00f3 de una p\u00e9rdida neta anual del 8% de sus usuarios, a un crecimiento neto del 26% en menos de 6 meses! Agradeciendo la amable atenci\u00f3n de los ejecutivos de ERT-ESP, GGGG Corp invita a sus potenciales aliados a visitar personalmente este<br \/>\ncaso de \u00e9xito y escuchar directamente de sus pares, la experiencia real que demuestra c\u00f3mo si es posible competir con los m\u00e1s grandes y vencerlos usando inteligentemente la tecnolog\u00eda disponible.\n<\/p>\n<\/div><\/p>","protected":false},"excerpt":{"rendered":"","protected":false},"author":1,"featured_media":0,"parent":0,"menu_order":2,"comment_status":"open","ping_status":"open","template":"","meta":[],"_links":{"self":[{"href":"https:\/\/www.ggggcorp.com\/es\/wp-json\/wp\/v2\/pages\/16"}],"collection":[{"href":"https:\/\/www.ggggcorp.com\/es\/wp-json\/wp\/v2\/pages"}],"about":[{"href":"https:\/\/www.ggggcorp.com\/es\/wp-json\/wp\/v2\/types\/page"}],"author":[{"embeddable":true,"href":"https:\/\/www.ggggcorp.com\/es\/wp-json\/wp\/v2\/users\/1"}],"replies":[{"embeddable":true,"href":"https:\/\/www.ggggcorp.com\/es\/wp-json\/wp\/v2\/comments?post=16"}],"version-history":[{"count":16,"href":"https:\/\/www.ggggcorp.com\/es\/wp-json\/wp\/v2\/pages\/16\/revisions"}],"predecessor-version":[{"id":1011,"href":"https:\/\/www.ggggcorp.com\/es\/wp-json\/wp\/v2\/pages\/16\/revisions\/1011"}],"wp:attachment":[{"href":"https:\/\/www.ggggcorp.com\/es\/wp-json\/wp\/v2\/media?parent=16"}],"curies":[{"name":"wp","href":"https:\/\/api.w.org\/{rel}","templated":true}]}}